{"id":2,"date":"2023-05-03T20:28:40","date_gmt":"2023-05-03T18:28:40","guid":{"rendered":"http:\/\/ateliercroizier.fr\/?page_id=2"},"modified":"2025-06-10T17:09:16","modified_gmt":"2025-06-10T15:09:16","slug":"page-d-exemple","status":"publish","type":"page","link":"https:\/\/ateliercroizier.fr\/index.php\/page-d-exemple\/","title":{"rendered":"A propos"},"content":{"rendered":"\t\t<div data-elementor-type=\"wp-page\" data-elementor-id=\"2\" class=\"elementor elementor-2\">\n\t\t\t\t\t\t<section class=\"elementor-section elementor-top-section elementor-element elementor-element-e69960d elementor-section-boxed elementor-section-height-default elementor-section-height-default\" data-id=\"e69960d\" data-element_type=\"section\">\n\t\t\t\t\t\t<div class=\"elementor-container elementor-column-gap-default\">\n\t\t\t\t\t<div class=\"elementor-column elementor-col-33 elementor-top-column elementor-element elementor-element-e3a876d\" data-id=\"e3a876d\" data-element_type=\"column\">\n\t\t\t<div class=\"elementor-widget-wrap elementor-element-populated\">\n\t\t\t\t\t\t<div class=\"elementor-element elementor-element-3c99658 elementor-widget__width-initial elementor-widget-mobile__width-initial elementor-widget elementor-widget-image\" data-id=\"3c99658\" data-element_type=\"widget\" data-widget_type=\"image.default\">\n\t\t\t\t<div class=\"elementor-widget-container\">\n\t\t\t\t\t\t\t\t\t\t\t\t\t\t\t<img fetchpriority=\"high\" decoding=\"async\" width=\"768\" height=\"1024\" src=\"https:\/\/ateliercroizier.fr\/wp-content\/uploads\/2025\/06\/P1010202-4-768x1024.png\" class=\"attachment-large size-large wp-image-1360\" alt=\"\" srcset=\"https:\/\/ateliercroizier.fr\/wp-content\/uploads\/2025\/06\/P1010202-4-768x1024.png 768w, https:\/\/ateliercroizier.fr\/wp-content\/uploads\/2025\/06\/P1010202-4-225x300.png 225w, https:\/\/ateliercroizier.fr\/wp-content\/uploads\/2025\/06\/P1010202-4-1152x1536.png 1152w, https:\/\/ateliercroizier.fr\/wp-content\/uploads\/2025\/06\/P1010202-4-1536x2048.png 1536w, https:\/\/ateliercroizier.fr\/wp-content\/uploads\/2025\/06\/P1010202-4-scaled.png 1920w\" sizes=\"(max-width: 768px) 100vw, 768px\" \/>\t\t\t\t\t\t\t\t\t\t\t\t\t\t\t<\/div>\n\t\t\t\t<\/div>\n\t\t\t\t\t<\/div>\n\t\t<\/div>\n\t\t\t\t<div class=\"elementor-column elementor-col-66 elementor-top-column elementor-element elementor-element-3a12c20\" data-id=\"3a12c20\" data-element_type=\"column\">\n\t\t\t<div class=\"elementor-widget-wrap elementor-element-populated\">\n\t\t\t\t\t\t<div class=\"elementor-element elementor-element-fc666a6 elementor-widget elementor-widget-text-editor\" data-id=\"fc666a6\" data-element_type=\"widget\" data-widget_type=\"text-editor.default\">\n\t\t\t\t<div class=\"elementor-widget-container\">\n\t\t\t\t\t\t\t\t\t<p class=\"_04xlpA direction-ltr align-center para-style-body\"><span class=\"WdYUQQ\"><strong>Suzanne Croizier<\/strong> est architecte dipl\u00f4m\u00e9e d&#8217;Etat, d\u00e9tenant une Habilitation \u00e0 la Ma\u00eetrise d&#8217;Oeuvre en Nom Propre <strong>(HMONP)<\/strong> depuis pr\u00e8s de quinze ans.<\/span><\/p><p>Apr\u00e8s avoir obtenu son dipl\u00f4me \u00e0 l&#8217;Ecole d&#8217;Architecture de Paris la Villette et particip\u00e9 \u00e0 un \u00e9change universitaire avec l&#8217;Universit\u00e9 Technique du Technion de <strong>Ha\u00effa<\/strong>, elle a acquis une solide exp\u00e9rience en travaillant dans plusieurs agences parisiennes sur une grande diversit\u00e9 de projets : logements, restaurants, h\u00f4tels et b\u00e2timents recevant du public. Parall\u00e8lement, elle cr\u00e9\u00e9 son agence d&#8217;architecture d&#8217;int\u00e9rieur, <b>Suzanne Croizier Architecture<\/b>, afin d&#8217;accompagner ses clients, qu&#8217;ils soient particuliers ou professionnels, dans leurs projets de r\u00e9novation et de r\u00e9habilitation.<\/p><p>C&#8217;est \u00e0 la suite de \u00e7a qu&#8217;elle s&#8217;est expatri\u00e9e, \u00e9toffant son exp\u00e9rience au contact de nouvelles cultures. Elle a ainsi eu l&#8217;opportunit\u00e9 de travailler en <strong>Inde <\/strong>sur des projets haut de gamme de logements collectifs et de villas, \u00e0 <strong>Chypre<\/strong> principalement sur des projets de r\u00e9novation et r\u00e9habilitation pour des particuliers, et en <strong>Lettonie<\/strong>, o\u00f9 elle s&#8217;est sp\u00e9cialis\u00e9e dans la r\u00e9habilitation, la r\u00e9novation et l&#8217;am\u00e9nagement.<\/p><p>De retour \u00e0 Paris depuis septembre 2023, son agence prend le nom d&#8217;<b>Atelier Croizier<\/b>. Les comp\u00e9tences de l&#8217;Atelier englobent tous les aspects du processus , depuis les r\u00e9unions pr\u00e9liminaires pour d\u00e9finir le programme, jusqu&#8217;\u00e0 l&#8217;am\u00e9nagement int\u00e9rieur, en passant par les rendez-vous conseils, la r\u00e9alisation de rendus de 3D, de plans techniques et le suivi du chantier.<\/p><p>L&#8217;Atelier Croizier propose \u00e9galement des services de conception de menuiseries sur mesure et d&#8217;achat de fournitures et petites d\u00e9corations en vue par exemple d&#8217;un projet de transformation d&#8217;une habitation en location de tourisme.<\/p><p><strong><em>&#8220;L&#8217;architecture est pour moi une v\u00e9ritable passion, un d\u00e9fi constant qui exige cr\u00e9ativit\u00e9 et inventivit\u00e9. Impossible de s&#8217;ennuyer dans ce m\u00e9tier, et les retours positifs des clients sont une formidable motivation.&#8221;<\/em><\/strong><\/p>\t\t\t\t\t\t\t\t<\/div>\n\t\t\t\t<\/div>\n\t\t\t\t\t<\/div>\n\t\t<\/div>\n\t\t\t\t\t<\/div>\n\t\t<\/section>\n\t\t\t\t<section class=\"elementor-section elementor-top-section elementor-element elementor-element-6668929 elementor-section-boxed elementor-section-height-default elementor-section-height-default\" data-id=\"6668929\" data-element_type=\"section\">\n\t\t\t\t\t\t<div class=\"elementor-container elementor-column-gap-default\">\n\t\t\t\t\t<div class=\"elementor-column elementor-col-100 elementor-top-column elementor-element elementor-element-cbd88b3\" data-id=\"cbd88b3\" data-element_type=\"column\">\n\t\t\t<div class=\"elementor-widget-wrap elementor-element-populated\">\n\t\t\t\t\t\t<div class=\"elementor-element elementor-element-3f522ea elementor-widget-divider--view-line elementor-widget elementor-widget-divider\" data-id=\"3f522ea\" data-element_type=\"widget\" data-widget_type=\"divider.default\">\n\t\t\t\t<div class=\"elementor-widget-container\">\n\t\t\t\t\t\t\t<div class=\"elementor-divider\">\n\t\t\t<span class=\"elementor-divider-separator\">\n\t\t\t\t\t\t<\/span>\n\t\t<\/div>\n\t\t\t\t\t\t<\/div>\n\t\t\t\t<\/div>\n\t\t\t\t\t<\/div>\n\t\t<\/div>\n\t\t\t\t\t<\/div>\n\t\t<\/section>\n\t\t\t\t<section class=\"elementor-section elementor-top-section elementor-element elementor-element-166ac0e elementor-section-boxed elementor-section-height-default elementor-section-height-default\" data-id=\"166ac0e\" data-element_type=\"section\">\n\t\t\t\t\t\t<div class=\"elementor-container elementor-column-gap-default\">\n\t\t\t\t\t<div class=\"elementor-column elementor-col-66 elementor-top-column elementor-element elementor-element-3515961\" data-id=\"3515961\" data-element_type=\"column\">\n\t\t\t<div class=\"elementor-widget-wrap elementor-element-populated\">\n\t\t\t\t\t\t<div class=\"elementor-element elementor-element-d5be64a elementor-widget__width-initial elementor-widget elementor-widget-text-editor\" data-id=\"d5be64a\" data-element_type=\"widget\" data-widget_type=\"text-editor.default\">\n\t\t\t\t<div class=\"elementor-widget-container\">\n\t\t\t\t\t\t\t\t\t<p><span class=\"WdYUQQ\">Suzanne est guid\u00e9e par son envie d&#8217;une architecture \u00e0 taille humaine, amen\u00e9e par des rencontres qui poussent \u00e0 se surpasser. Les projets novateurs et cr\u00e9atifs lui sont une source in\u00e9puisable d&#8217;inspiration.<\/span><\/p>\n<p class=\"_04xlpA direction-ltr align-center para-style-body\"><span class=\"WdYUQQ\">En tant que cheffe de projet en design d&#8217;int\u00e9rieur \u00e0 New Delhi, en Inde, elle s&#8217;est int\u00e9ress\u00e9e au <strong>Vastuu<\/strong>, une philosophie d&#8217;am\u00e9nagement hindoue, anc\u00eatre du <strong>Feng Shui<\/strong>. Elle saura vous guider si vous \u00eates int\u00e9ress\u00e9.e.s par cette aventure.&nbsp;<\/span><span class=\"WdYUQQ\">Le <b>Feng Shui<\/b> a d\u2019ailleurs \u00e9t\u00e9 au c\u0153ur de son m\u00e9moire de Master, tandis que l&#8217;<strong>Architecture Sacr\u00e9e<\/strong>&nbsp;a \u00e9t\u00e9 le sujet de son Projet de Fin d\u2019\u00c9tude de Master, publi\u00e9 en 2015 aux \u00e9ditions <span class=\"metaProductLight-editeur\">Editions Universitaires Europ\u00e9ennes<\/span> (<strong>voir <\/strong><\/span><strong><a class=\"WdYUQQ\" draggable=\"false\" href=\"https:\/\/www.eyrolles.com\/Litterature\/Livre\/nuee-de-lumiere-9783841674876\/\" target=\"_blank\" rel=\"noopener\">ici<\/a><\/strong><span class=\"WdYUQQ\">).<\/span><\/p>\n<p class=\"_04xlpA direction-ltr align-center para-style-body\"><span class=\"WdYUQQ\">Son expatriation \u00e0 Riga, en Lettonie, lui a permis d&#8217;explorer une nouvelle palette de sa personnalit\u00e9, en mettant en place des ateliers artistiques hebdomadaires. Ces moments de cr\u00e9ation offraient aux participants en qu\u00eate de cadre et de conseils l&#8217;opportunit\u00e9 de s&#8217;essayer \u00e0 diff\u00e9rentes formes de dessin et peinture dans un environnement inspirant.<\/span><\/p>\n<p class=\"_04xlpA direction-ltr align-center para-style-body\"><em><span class=\"WdYUQQ\"><b>&#8220;J&#8217;aime voyager, m&#8217;immerger dans de nouvelles cultures, d\u00e9couvrir des gastronomies, me promener en ville, cr\u00e9er, dessiner, participer \u00e0 des \u00e9v\u00e9nements de mod\u00e8le vivant. Je me consid\u00e8re comme une artiste, et l&#8217;architecture me permet d&#8217;allier cette facette de ma personnalit\u00e9 \u00e0 mon sens logique. Lorsque je dessine, mes outils de pr\u00e9dilections sont le feutre noir et l&#8217;aquarelle. Le feutre ne permet pas de tricher ni revenir en arri\u00e8re, tandis que l&#8217;aquarelle est plus douce, plus fluide. C&#8217;est la rencontre entre la rigueur et la d\u00e9licatesse.&#8221;<\/b><\/span><\/em><\/p>\t\t\t\t\t\t\t\t<\/div>\n\t\t\t\t<\/div>\n\t\t\t\t\t<\/div>\n\t\t<\/div>\n\t\t\t\t<div class=\"elementor-column elementor-col-33 elementor-top-column elementor-element elementor-element-0351761\" data-id=\"0351761\" data-element_type=\"column\">\n\t\t\t<div class=\"elementor-widget-wrap elementor-element-populated\">\n\t\t\t\t\t\t<div class=\"elementor-element elementor-element-7e618f0 elementor-widget__width-initial elementor-widget elementor-widget-image\" data-id=\"7e618f0\" data-element_type=\"widget\" data-widget_type=\"image.default\">\n\t\t\t\t<div class=\"elementor-widget-container\">\n\t\t\t\t\t\t\t\t\t\t\t\t\t\t\t<img decoding=\"async\" width=\"800\" height=\"800\" src=\"https:\/\/ateliercroizier.fr\/wp-content\/uploads\/2023\/05\/Images-diverses-pour-Atelier-croizier-light1-1024x1024.png\" class=\"attachment-large size-large wp-image-1134\" alt=\"\" srcset=\"https:\/\/ateliercroizier.fr\/wp-content\/uploads\/2023\/05\/Images-diverses-pour-Atelier-croizier-light1-1024x1024.png 1024w, https:\/\/ateliercroizier.fr\/wp-content\/uploads\/2023\/05\/Images-diverses-pour-Atelier-croizier-light1-300x300.png 300w, https:\/\/ateliercroizier.fr\/wp-content\/uploads\/2023\/05\/Images-diverses-pour-Atelier-croizier-light1-150x150.png 150w, https:\/\/ateliercroizier.fr\/wp-content\/uploads\/2023\/05\/Images-diverses-pour-Atelier-croizier-light1-768x768.png 768w, https:\/\/ateliercroizier.fr\/wp-content\/uploads\/2023\/05\/Images-diverses-pour-Atelier-croizier-light1-1536x1536.png 1536w, https:\/\/ateliercroizier.fr\/wp-content\/uploads\/2023\/05\/Images-diverses-pour-Atelier-croizier-light1-2048x2048.png 2048w\" sizes=\"(max-width: 800px) 100vw, 800px\" \/>\t\t\t\t\t\t\t\t\t\t\t\t\t\t\t<\/div>\n\t\t\t\t<\/div>\n\t\t\t\t\t<\/div>\n\t\t<\/div>\n\t\t\t\t\t<\/div>\n\t\t<\/section>\n\t\t\t\t<section class=\"elementor-section elementor-top-section elementor-element elementor-element-4688468 elementor-section-boxed elementor-section-height-default elementor-section-height-default\" data-id=\"4688468\" data-element_type=\"section\">\n\t\t\t\t\t\t<div class=\"elementor-container elementor-column-gap-default\">\n\t\t\t\t\t<div class=\"elementor-column elementor-col-100 elementor-top-column elementor-element elementor-element-6db636e\" data-id=\"6db636e\" data-element_type=\"column\">\n\t\t\t<div class=\"elementor-widget-wrap elementor-element-populated\">\n\t\t\t\t\t\t<div class=\"elementor-element elementor-element-7516594 elementor-widget elementor-widget-spacer\" data-id=\"7516594\" data-element_type=\"widget\" data-widget_type=\"spacer.default\">\n\t\t\t\t<div class=\"elementor-widget-container\">\n\t\t\t\t\t\t\t<div class=\"elementor-spacer\">\n\t\t\t<div class=\"elementor-spacer-inner\"><\/div>\n\t\t<\/div>\n\t\t\t\t\t\t<\/div>\n\t\t\t\t<\/div>\n\t\t\t\t\t<\/div>\n\t\t<\/div>\n\t\t\t\t\t<\/div>\n\t\t<\/section>\n\t\t\t\t<section class=\"elementor-section elementor-top-section elementor-element elementor-element-d300b98 elementor-section-boxed elementor-section-height-default elementor-section-height-default\" data-id=\"d300b98\" data-element_type=\"section\">\n\t\t\t\t\t\t<div class=\"elementor-container elementor-column-gap-default\">\n\t\t\t\t\t<div class=\"elementor-column elementor-col-20 elementor-top-column elementor-element elementor-element-9131f95\" data-id=\"9131f95\" data-element_type=\"column\">\n\t\t\t<div class=\"elementor-widget-wrap\">\n\t\t\t\t\t\t\t<\/div>\n\t\t<\/div>\n\t\t\t\t<div class=\"elementor-column elementor-col-20 elementor-top-column elementor-element elementor-element-ac3c25d\" data-id=\"ac3c25d\" data-element_type=\"column\">\n\t\t\t<div class=\"elementor-widget-wrap elementor-element-populated\">\n\t\t\t\t\t\t<div class=\"elementor-element elementor-element-4fef78e elementor-view-default elementor-widget elementor-widget-icon\" data-id=\"4fef78e\" data-element_type=\"widget\" data-widget_type=\"icon.default\">\n\t\t\t\t<div class=\"elementor-widget-container\">\n\t\t\t\t\t\t\t<div class=\"elementor-icon-wrapper\">\n\t\t\t<a class=\"elementor-icon\" href=\"https:\/\/www.instagram.com\/ateliercroizier\/\">\n\t\t\t<i aria-hidden=\"true\" class=\"fab fa-instagram\"><\/i>\t\t\t<\/a>\n\t\t<\/div>\n\t\t\t\t\t\t<\/div>\n\t\t\t\t<\/div>\n\t\t\t\t\t<\/div>\n\t\t<\/div>\n\t\t\t\t<div class=\"elementor-column elementor-col-20 elementor-top-column elementor-element elementor-element-03908dc\" data-id=\"03908dc\" data-element_type=\"column\">\n\t\t\t<div class=\"elementor-widget-wrap elementor-element-populated\">\n\t\t\t\t\t\t<div class=\"elementor-element elementor-element-b1eddff elementor-view-default elementor-widget elementor-widget-icon\" data-id=\"b1eddff\" data-element_type=\"widget\" data-widget_type=\"icon.default\">\n\t\t\t\t<div class=\"elementor-widget-container\">\n\t\t\t\t\t\t\t<div class=\"elementor-icon-wrapper\">\n\t\t\t<a class=\"elementor-icon\" href=\"https:\/\/www.facebook.com\/profile.php?id=100071176297872\">\n\t\t\t<i aria-hidden=\"true\" class=\"fab fa-facebook\"><\/i>\t\t\t<\/a>\n\t\t<\/div>\n\t\t\t\t\t\t<\/div>\n\t\t\t\t<\/div>\n\t\t\t\t\t<\/div>\n\t\t<\/div>\n\t\t\t\t<div class=\"elementor-column elementor-col-20 elementor-top-column elementor-element elementor-element-03f9d76\" data-id=\"03f9d76\" data-element_type=\"column\">\n\t\t\t<div class=\"elementor-widget-wrap elementor-element-populated\">\n\t\t\t\t\t\t<div class=\"elementor-element elementor-element-07a51f6 elementor-view-default elementor-widget elementor-widget-icon\" data-id=\"07a51f6\" data-element_type=\"widget\" data-widget_type=\"icon.default\">\n\t\t\t\t<div class=\"elementor-widget-container\">\n\t\t\t\t\t\t\t<div class=\"elementor-icon-wrapper\">\n\t\t\t<a class=\"elementor-icon\" href=\"https:\/\/www.houzz.fr\/professionnels\/architecte-d-interieur\/atelier-croizier-pfvwfr-pf~1353423603\">\n\t\t\t<i aria-hidden=\"true\" class=\"fab fa-houzz\"><\/i>\t\t\t<\/a>\n\t\t<\/div>\n\t\t\t\t\t\t<\/div>\n\t\t\t\t<\/div>\n\t\t\t\t\t<\/div>\n\t\t<\/div>\n\t\t\t\t<div class=\"elementor-column elementor-col-20 elementor-top-column elementor-element elementor-element-4411b28\" data-id=\"4411b28\" data-element_type=\"column\">\n\t\t\t<div class=\"elementor-widget-wrap\">\n\t\t\t\t\t\t\t<\/div>\n\t\t<\/div>\n\t\t\t\t\t<\/div>\n\t\t<\/section>\n\t\t\t\t<\/div>\n\t\t","protected":false},"excerpt":{"rendered":"<p>Suzanne Croizier est architecte dipl\u00f4m\u00e9e d&#8217;Etat, d\u00e9tenant une Habilitation \u00e0 la Ma\u00eetrise d&#8217;Oeuvre en Nom Propre (HMONP) depuis pr\u00e8s de quinze ans. Apr\u00e8s avoir obtenu son dipl\u00f4me \u00e0 l&#8217;Ecole d&#8217;Architecture de Paris la Villette et particip\u00e9 \u00e0 un \u00e9change universitaire avec l&#8217;Universit\u00e9 Technique du Technion de Ha\u00effa, elle a acquis une solide exp\u00e9rience en travaillant [&hellip;]<\/p>\n","protected":false},"author":1,"featured_media":0,"parent":0,"menu_order":0,"comment_status":"closed","ping_status":"open","template":"","meta":{"footnotes":""},"class_list":["post-2","page","type-page","status-publish","hentry"],"_links":{"self":[{"href":"https:\/\/ateliercroizier.fr\/index.php\/wp-json\/wp\/v2\/pages\/2","targetHints":{"allow":["GET"]}}],"collection":[{"href":"https:\/\/ateliercroizier.fr\/index.php\/wp-json\/wp\/v2\/pages"}],"about":[{"href":"https:\/\/ateliercroizier.fr\/index.php\/wp-json\/wp\/v2\/types\/page"}],"author":[{"embeddable":true,"href":"https:\/\/ateliercroizier.fr\/index.php\/wp-json\/wp\/v2\/users\/1"}],"replies":[{"embeddable":true,"href":"https:\/\/ateliercroizier.fr\/index.php\/wp-json\/wp\/v2\/comments?post=2"}],"version-history":[{"count":76,"href":"https:\/\/ateliercroizier.fr\/index.php\/wp-json\/wp\/v2\/pages\/2\/revisions"}],"predecessor-version":[{"id":1363,"href":"https:\/\/ateliercroizier.fr\/index.php\/wp-json\/wp\/v2\/pages\/2\/revisions\/1363"}],"wp:attachment":[{"href":"https:\/\/ateliercroizier.fr\/index.php\/wp-json\/wp\/v2\/media?parent=2"}],"curies":[{"name":"wp","href":"https:\/\/api.w.org\/{rel}","templated":true}]}}