{"id":1293,"date":"2023-09-28T15:11:12","date_gmt":"2023-09-28T13:11:12","guid":{"rendered":"http:\/\/ateliercroizier.fr\/?page_id=1293"},"modified":"2025-01-29T14:21:50","modified_gmt":"2025-01-29T13:21:50","slug":"prestations-copy","status":"publish","type":"page","link":"https:\/\/ateliercroizier.fr\/index.php\/prestations-copy\/","title":{"rendered":"Prestations &#8211; Copy"},"content":{"rendered":"\t\t<div data-elementor-type=\"wp-page\" data-elementor-id=\"1293\" class=\"elementor elementor-1293\">\n\t\t\t\t\t\t<section class=\"elementor-section elementor-top-section elementor-element elementor-element-3d0e916 elementor-section-boxed elementor-section-height-default elementor-section-height-default\" data-id=\"3d0e916\" data-element_type=\"section\">\n\t\t\t\t\t\t<div class=\"elementor-container elementor-column-gap-default\">\n\t\t\t\t\t<div class=\"elementor-column elementor-col-33 elementor-top-column elementor-element elementor-element-696f468\" data-id=\"696f468\" data-element_type=\"column\">\n\t\t\t<div class=\"elementor-widget-wrap elementor-element-populated\">\n\t\t\t\t\t\t<div class=\"elementor-element elementor-element-10180c3 elementor-widget__width-initial elementor-widget elementor-widget-image\" data-id=\"10180c3\" data-element_type=\"widget\" data-widget_type=\"image.default\">\n\t\t\t\t<div class=\"elementor-widget-container\">\n\t\t\t\t\t\t\t\t\t\t\t\t\t\t\t<img fetchpriority=\"high\" decoding=\"async\" width=\"800\" height=\"800\" src=\"https:\/\/ateliercroizier.fr\/wp-content\/uploads\/2023\/05\/Images-diverses-pour-Atelier-croizier-light2-1024x1024.png\" class=\"attachment-large size-large wp-image-1152\" alt=\"\" srcset=\"https:\/\/ateliercroizier.fr\/wp-content\/uploads\/2023\/05\/Images-diverses-pour-Atelier-croizier-light2-1024x1024.png 1024w, https:\/\/ateliercroizier.fr\/wp-content\/uploads\/2023\/05\/Images-diverses-pour-Atelier-croizier-light2-300x300.png 300w, https:\/\/ateliercroizier.fr\/wp-content\/uploads\/2023\/05\/Images-diverses-pour-Atelier-croizier-light2-150x150.png 150w, https:\/\/ateliercroizier.fr\/wp-content\/uploads\/2023\/05\/Images-diverses-pour-Atelier-croizier-light2-768x768.png 768w, https:\/\/ateliercroizier.fr\/wp-content\/uploads\/2023\/05\/Images-diverses-pour-Atelier-croizier-light2-1536x1536.png 1536w, https:\/\/ateliercroizier.fr\/wp-content\/uploads\/2023\/05\/Images-diverses-pour-Atelier-croizier-light2-2048x2048.png 2048w\" sizes=\"(max-width: 800px) 100vw, 800px\" \/>\t\t\t\t\t\t\t\t\t\t\t\t\t\t\t<\/div>\n\t\t\t\t<\/div>\n\t\t\t\t\t<\/div>\n\t\t<\/div>\n\t\t\t\t<div class=\"elementor-column elementor-col-66 elementor-top-column elementor-element elementor-element-7aab907\" data-id=\"7aab907\" data-element_type=\"column\">\n\t\t\t<div class=\"elementor-widget-wrap elementor-element-populated\">\n\t\t\t\t\t\t<div class=\"elementor-element elementor-element-5756442 elementor-widget elementor-widget-text-editor\" data-id=\"5756442\" data-element_type=\"widget\" data-widget_type=\"text-editor.default\">\n\t\t\t\t<div class=\"elementor-widget-container\">\n\t\t\t\t\t\t\t\t\t<div class=\"flex flex-grow flex-col gap-3\"><div class=\"min-h-[20px] flex flex-col items-start gap-4 whitespace-pre-wrap break-words\"><div class=\"markdown prose w-full break-words dark:prose-invert light\"><div class=\"flex flex-grow flex-col gap-3\"><div class=\"min-h-[20px] flex flex-col items-start gap-4 whitespace-pre-wrap break-words\"><div class=\"markdown prose w-full break-words dark:prose-invert light\"><p><span style=\"text-decoration: underline;\">UN RENDEZ-VOUS UNIQUE DE CONSEIL EN AM\u00c9NAGEMENT POUR TIRER LE MEILLEUR PARTI DE VOTRE INT\u00c9RIEUR <br \/><\/span><\/p><p>En tant qu&#8217;architecte d&#8217;int\u00e9rieur, mon r\u00f4le est de vous aider \u00e0 personnaliser votre espace et vous y sentir \u00e0 l&#8217;aise.<\/p><p>Que vous souhaitiez transformer une chambre d&#8217;enfant en chambre d&#8217;ado, cr\u00e9er un espace de t\u00e9l\u00e9travail, redessiner votre cuisine, am\u00e9liorer la convivialit\u00e9 de votre espace de vie ou simplement rafra\u00eechir votre int\u00e9rieur, je m&#8217;occupe de tout, de l&#8217;am\u00e9nagement des espaces au choix du mobilier, en passant par l&#8217;optimisation de la luminosit\u00e9, des couleurs et des textures. Je vous donne \u00e9galement des astuces pour gagner de l&#8217;espace et r\u00e9soudre les probl\u00e9matiques sp\u00e9cifiques \u00e0 votre am\u00e9nagement int\u00e9rieur.<\/p><p>En plus des conseils sur place, je vous fournis un compte-rendu pour garder une trace de toutes les informations au fur et \u00e0 mesure des changements. Lors de notre rendez-vous, je r\u00e9alise \u00e9galement un plan 3D avec incrustation en r\u00e9alit\u00e9 augment\u00e9e, pour une meilleure compr\u00e9hension.<\/p><\/div><\/div><\/div><p>Ce rendez-vous unique est factur\u00e9 <strong>250 euros pour une pi\u00e8ce de moins de 30m\u00b2<\/strong>, un tarif d\u00e9gressif est possible pour plusieurs pi\u00e8ces. N&#8217;h\u00e9sitez pas \u00e0 me contacter pour me pr\u00e9senter votre projet en d\u00e9tail.<\/p><\/div><\/div><\/div>\t\t\t\t\t\t\t\t<\/div>\n\t\t\t\t<\/div>\n\t\t\t\t\t<\/div>\n\t\t<\/div>\n\t\t\t\t\t<\/div>\n\t\t<\/section>\n\t\t\t\t<section class=\"elementor-section elementor-top-section elementor-element elementor-element-f710040 elementor-section-boxed elementor-section-height-default elementor-section-height-default\" data-id=\"f710040\" data-element_type=\"section\">\n\t\t\t\t\t\t<div class=\"elementor-container elementor-column-gap-default\">\n\t\t\t\t\t<div class=\"elementor-column elementor-col-33 elementor-top-column elementor-element elementor-element-ea57562\" data-id=\"ea57562\" data-element_type=\"column\">\n\t\t\t<div class=\"elementor-widget-wrap elementor-element-populated\">\n\t\t\t\t\t\t<div class=\"elementor-element elementor-element-f10fa40 elementor-widget elementor-widget-image\" data-id=\"f10fa40\" data-element_type=\"widget\" data-widget_type=\"image.default\">\n\t\t\t\t<div class=\"elementor-widget-container\">\n\t\t\t\t\t\t\t\t\t\t\t\t\t\t\t<img decoding=\"async\" width=\"800\" height=\"800\" src=\"https:\/\/ateliercroizier.fr\/wp-content\/uploads\/2023\/05\/Images-diverses-pour-Atelier-croizier-light4-1024x1024.png\" class=\"attachment-large size-large wp-image-1154\" alt=\"\" srcset=\"https:\/\/ateliercroizier.fr\/wp-content\/uploads\/2023\/05\/Images-diverses-pour-Atelier-croizier-light4-1024x1024.png 1024w, https:\/\/ateliercroizier.fr\/wp-content\/uploads\/2023\/05\/Images-diverses-pour-Atelier-croizier-light4-300x300.png 300w, https:\/\/ateliercroizier.fr\/wp-content\/uploads\/2023\/05\/Images-diverses-pour-Atelier-croizier-light4-150x150.png 150w, https:\/\/ateliercroizier.fr\/wp-content\/uploads\/2023\/05\/Images-diverses-pour-Atelier-croizier-light4-768x768.png 768w, https:\/\/ateliercroizier.fr\/wp-content\/uploads\/2023\/05\/Images-diverses-pour-Atelier-croizier-light4-1536x1536.png 1536w, https:\/\/ateliercroizier.fr\/wp-content\/uploads\/2023\/05\/Images-diverses-pour-Atelier-croizier-light4-2048x2048.png 2048w\" sizes=\"(max-width: 800px) 100vw, 800px\" \/>\t\t\t\t\t\t\t\t\t\t\t\t\t\t\t<\/div>\n\t\t\t\t<\/div>\n\t\t\t\t\t<\/div>\n\t\t<\/div>\n\t\t\t\t<div class=\"elementor-column elementor-col-33 elementor-top-column elementor-element elementor-element-a2c4b3d\" data-id=\"a2c4b3d\" data-element_type=\"column\">\n\t\t\t<div class=\"elementor-widget-wrap elementor-element-populated\">\n\t\t\t\t\t\t<div class=\"elementor-element elementor-element-6d4f4bf elementor-widget elementor-widget-image\" data-id=\"6d4f4bf\" data-element_type=\"widget\" data-widget_type=\"image.default\">\n\t\t\t\t<div class=\"elementor-widget-container\">\n\t\t\t\t\t\t\t\t\t\t\t\t\t\t\t<img decoding=\"async\" width=\"800\" height=\"800\" src=\"https:\/\/ateliercroizier.fr\/wp-content\/uploads\/2023\/05\/Images-diverses-pour-Atelier-croizier-light3.png\" class=\"attachment-large size-large wp-image-1153\" alt=\"\" \/>\t\t\t\t\t\t\t\t\t\t\t\t\t\t\t<\/div>\n\t\t\t\t<\/div>\n\t\t\t\t\t<\/div>\n\t\t<\/div>\n\t\t\t\t<div class=\"elementor-column elementor-col-33 elementor-top-column elementor-element elementor-element-ec48a85\" data-id=\"ec48a85\" data-element_type=\"column\">\n\t\t\t<div class=\"elementor-widget-wrap elementor-element-populated\">\n\t\t\t\t\t\t<div class=\"elementor-element elementor-element-8c0b3ad elementor-widget__width-initial elementor-widget elementor-widget-image\" data-id=\"8c0b3ad\" data-element_type=\"widget\" data-widget_type=\"image.default\">\n\t\t\t\t<div class=\"elementor-widget-container\">\n\t\t\t\t\t\t\t\t\t\t\t\t\t\t\t<img loading=\"lazy\" decoding=\"async\" width=\"800\" height=\"800\" src=\"https:\/\/ateliercroizier.fr\/wp-content\/uploads\/2023\/05\/Images-diverses-pour-Atelier-croizier-light5-1024x1024.png\" class=\"attachment-large size-large wp-image-1161\" alt=\"\" srcset=\"https:\/\/ateliercroizier.fr\/wp-content\/uploads\/2023\/05\/Images-diverses-pour-Atelier-croizier-light5-1024x1024.png 1024w, https:\/\/ateliercroizier.fr\/wp-content\/uploads\/2023\/05\/Images-diverses-pour-Atelier-croizier-light5-300x300.png 300w, https:\/\/ateliercroizier.fr\/wp-content\/uploads\/2023\/05\/Images-diverses-pour-Atelier-croizier-light5-150x150.png 150w, https:\/\/ateliercroizier.fr\/wp-content\/uploads\/2023\/05\/Images-diverses-pour-Atelier-croizier-light5-768x768.png 768w, https:\/\/ateliercroizier.fr\/wp-content\/uploads\/2023\/05\/Images-diverses-pour-Atelier-croizier-light5-1536x1536.png 1536w, https:\/\/ateliercroizier.fr\/wp-content\/uploads\/2023\/05\/Images-diverses-pour-Atelier-croizier-light5-2048x2048.png 2048w\" sizes=\"(max-width: 800px) 100vw, 800px\" \/>\t\t\t\t\t\t\t\t\t\t\t\t\t\t\t<\/div>\n\t\t\t\t<\/div>\n\t\t\t\t\t<\/div>\n\t\t<\/div>\n\t\t\t\t\t<\/div>\n\t\t<\/section>\n\t\t\t\t<section class=\"elementor-section elementor-top-section elementor-element elementor-element-720df55 elementor-section-boxed elementor-section-height-default elementor-section-height-default\" data-id=\"720df55\" data-element_type=\"section\">\n\t\t\t\t\t\t<div class=\"elementor-container elementor-column-gap-default\">\n\t\t\t\t\t<div class=\"elementor-column elementor-col-100 elementor-top-column elementor-element elementor-element-4694d0b\" data-id=\"4694d0b\" data-element_type=\"column\">\n\t\t\t<div class=\"elementor-widget-wrap\">\n\t\t\t\t\t\t\t<\/div>\n\t\t<\/div>\n\t\t\t\t\t<\/div>\n\t\t<\/section>\n\t\t\t\t<\/div>\n\t\t","protected":false},"excerpt":{"rendered":"<p>PRESTATION DE CONSEIL UN RENDEZ-VOUS UNIQUE DE CONSEIL EN AM\u00c9NAGEMENT POUR TIRER LE MEILLEUR PARTI DE VOTRE INT\u00c9RIEUR En tant qu&#8217;architecte d&#8217;int\u00e9rieur, mon r\u00f4le est de vous aider \u00e0 personnaliser votre espace et vous y sentir \u00e0 l&#8217;aise. Que vous souhaitiez transformer une chambre d&#8217;enfant en chambre d&#8217;ado, cr\u00e9er un espace de t\u00e9l\u00e9travail, redessiner votre [&hellip;]<\/p>\n","protected":false},"author":1,"featured_media":0,"parent":0,"menu_order":0,"comment_status":"closed","ping_status":"closed","template":"","meta":{"footnotes":""},"class_list":["post-1293","page","type-page","status-publish","hentry"],"_links":{"self":[{"href":"https:\/\/ateliercroizier.fr\/index.php\/wp-json\/wp\/v2\/pages\/1293","targetHints":{"allow":["GET"]}}],"collection":[{"href":"https:\/\/ateliercroizier.fr\/index.php\/wp-json\/wp\/v2\/pages"}],"about":[{"href":"https:\/\/ateliercroizier.fr\/index.php\/wp-json\/wp\/v2\/types\/page"}],"author":[{"embeddable":true,"href":"https:\/\/ateliercroizier.fr\/index.php\/wp-json\/wp\/v2\/users\/1"}],"replies":[{"embeddable":true,"href":"https:\/\/ateliercroizier.fr\/index.php\/wp-json\/wp\/v2\/comments?post=1293"}],"version-history":[{"count":9,"href":"https:\/\/ateliercroizier.fr\/index.php\/wp-json\/wp\/v2\/pages\/1293\/revisions"}],"predecessor-version":[{"id":1335,"href":"https:\/\/ateliercroizier.fr\/index.php\/wp-json\/wp\/v2\/pages\/1293\/revisions\/1335"}],"wp:attachment":[{"href":"https:\/\/ateliercroizier.fr\/index.php\/wp-json\/wp\/v2\/media?parent=1293"}],"curies":[{"name":"wp","href":"https:\/\/api.w.org\/{rel}","templated":true}]}}